{"id":134,"date":"2021-09-20T20:49:45","date_gmt":"2021-09-20T18:49:45","guid":{"rendered":"https:\/\/skomakarlyckan.se\/?page_id=134"},"modified":"2024-10-02T23:53:23","modified_gmt":"2024-10-02T21:53:23","slug":"tavlan","status":"publish","type":"page","link":"https:\/\/skomakarlyckan.se\/index.php\/tavlan\/","title":{"rendered":"Tavlan"},"content":{"rendered":"\n<p>Vi \u00e4rvde en tavla efter Bosses f\u00f6r\u00e4ldrar som h\u00e4nger p\u00e5 v\u00e4ggen i v\u00e5r l\u00e4genhet i Karlskrona. Den k\u00f6ptes p\u00e5 en resa till Provence 1960.<\/p>\n\n\n\n<figure class=\"wp-block-image size-large\"><img loading=\"lazy\" decoding=\"async\" width=\"1024\" height=\"768\" src=\"https:\/\/skomakarlyckan.se\/wp-content\/uploads\/2021\/09\/20210730_172725-1280x960-1-1024x768.jpg\" alt=\"\" class=\"wp-image-142\" srcset=\"https:\/\/skomakarlyckan.se\/wp-content\/uploads\/2021\/09\/20210730_172725-1280x960-1-1024x768.jpg 1024w, https:\/\/skomakarlyckan.se\/wp-content\/uploads\/2021\/09\/20210730_172725-1280x960-1-300x225.jpg 300w, https:\/\/skomakarlyckan.se\/wp-content\/uploads\/2021\/09\/20210730_172725-1280x960-1-768x576.jpg 768w, https:\/\/skomakarlyckan.se\/wp-content\/uploads\/2021\/09\/20210730_172725-1280x960-1-700x525.jpg 700w, https:\/\/skomakarlyckan.se\/wp-content\/uploads\/2021\/09\/20210730_172725-1280x960-1.jpg 1280w\" sizes=\"auto, (max-width: 1024px) 100vw, 1024px\" \/><figcaption class=\"wp-element-caption\">Utsikt \u00f6ver sl\u00e4tten fr\u00e5n Lacoste, Vaucluse av Sven Blomberg, 1960<\/figcaption><\/figure>\n\n\n\n<p>Bosses pappa Gunnar var Pariskorrespondent f\u00f6r Dagens Nyheter p\u00e5 den tiden och hela familjen &#8211; Gunnar, Siv, Bosse och Staffan &#8211; fick f\u00f6lja med p\u00e5 reportageresan till Lacoste i Provence. D\u00e4r intervjuade Gunnar medlemmarna i en svensk konstn\u00e4rskoloni som hade flytt de h\u00f6ga boendekostnaderna i Paris f\u00f6r ett billigt boende i bergen. H\u00f6gst uppe p\u00e5 berget l\u00e5g ruinerna av Markis de Sades slott.<\/p>\n\n\n\n<p>Vi hittade artikeln fr\u00e5n s\u00f6ndagen den 29 maj 1960 i Dagens Nyheters arkiv:<\/p>\n\n\n\n<div data-wp-interactive=\"core\/file\" class=\"wp-block-file\"><object data-wp-bind--hidden=\"!state.hasPdfPreview\" hidden class=\"wp-block-file__embed\" data=\"https:\/\/skomakarlyckan.se\/wp-content\/uploads\/2021\/09\/DN-29-maj-1960.pdf\" type=\"application\/pdf\" style=\"width:100%;height:600px\" aria-label=\"Inb\u00e4ddning av DN-29-maj-1960.\"><\/object><a href=\"https:\/\/skomakarlyckan.se\/wp-content\/uploads\/2021\/09\/DN-29-maj-1960.pdf\">DN-29-maj-1960<\/a><a href=\"https:\/\/skomakarlyckan.se\/wp-content\/uploads\/2021\/09\/DN-29-maj-1960.pdf\" class=\"wp-block-file__button wp-element-button\" download>Ladda ner<\/a><\/div>\n\n\n\n<p>H\u00e4r ligger Lacoste, Vaucluse:<\/p>\n\n\n<div id=\"wpgmza_map\" class=\"wpgmza_map\" data-settings='{\"id\":\"1\",\"map_title\":\"Provence\",\"map_width\":\"100\",\"map_height\":\"400\",\"map_start_lat\":\"43.831896499378274\",\"map_start_lng\":\"5.272850500434392\",\"map_start_location\":\"45.950464398418106,-109.81550500000003\",\"map_start_zoom\":\"9\",\"default_marker\":\"\",\"type\":\"0\",\"alignment\":\"4\",\"directions_enabled\":\"0\",\"styling_enabled\":\"0\",\"styling_json\":\"\",\"active\":\"0\",\"kml\":\"\",\"bicycle\":\"0\",\"traffic\":\"0\",\"dbox\":\"0\",\"dbox_width\":\"\",\"listmarkers\":\"0\",\"listmarkers_advanced\":\"0\",\"filterbycat\":\"0\",\"ugm_enabled\":\"0\",\"ugm_category_enabled\":\"0\",\"fusion\":\"\",\"map_width_type\":\"%\",\"map_height_type\":\"px\",\"mass_marker_support\":\"0\",\"ugm_access\":\"0\",\"order_markers_by\":\"0\",\"order_markers_choice\":\"0\",\"show_user_location\":\"0\",\"default_to\":\"\",\"other_settings\":{\"map_type\":1,\"sl_stroke_color\":\"\",\"sl_fill_color\":\"\",\"sl_stroke_opacity\":\"\",\"sl_fill_opacity\":\"\",\"transport_layer\":false,\"action\":\"wpgmza_save_map\",\"redirect_to\":\"\\\/wp-admin\\\/admin-post.php\",\"map_id\":\"1\",\"http_referer\":\"\\\/wp-admin\\\/admin.php?page=wp-google-maps-menu&amp;amp;action=edit&amp;amp;map_id=1\",\"wpgmza_id\":\"1\",\"wpgmza_start_location\":\"43.831896499378274,5.272850500434392\",\"wpgmza_start_zoom\":\"9\",\"store_locator_enabled\":false,\"store_locator_search_area\":\"radial\",\"wpgmza_store_locator_radius_style\":\"legacy\",\"wpgmza_store_locator_default_radius\":\"10\",\"store_locator_auto_area_max_zoom\":\"\",\"store_locator_distance\":false,\"wpgmza_store_locator_position\":false,\"store_locator_show_distance\":false,\"store_locator_category\":false,\"wpgmza_store_locator_use_their_location\":false,\"wpgmza_store_locator_bounce\":false,\"wpgmza_sl_animation\":null,\"wpgmza_store_locator_hide_before_search\":false,\"store_locator_query_string\":\"\",\"store_locator_default_address\":\"\",\"store_locator_name_search\":false,\"store_locator_name_string\":\"\",\"store_locator_not_found_message\":\"\",\"wpgmza_map_align\":\"1\",\"jump_to_nearest_marker_on_initialization\":false,\"automatically_pan_to_users_location\":false,\"override_users_location_zoom_level\":false,\"override_users_location_zoom_levels\":\"\",\"show_distance_from_location\":false,\"map_max_zoom\":\"21\",\"map_min_zoom\":\"0\",\"click_open_link\":false,\"fit_maps_bounds_to_markers\":false,\"fit_maps_bounds_to_markers_after_filtering\":false,\"hide_point_of_interest\":false,\"wpgmza_zoom_on_marker_click\":false,\"wpgmza_zoom_on_marker_click_slider\":\"\",\"close_infowindow_on_map_click\":false,\"disable_lightbox_images\":false,\"use_Raw_Jpeg_Coordinates\":false,\"polygon_labels\":false,\"disable_polygon_info_windows\":false,\"enable_marker_ratings\":false,\"only_load_markers_within_viewport\":false,\"iw_primary_color\":\"\",\"iw_accent_color\":\"\",\"iw_text_color\":\"\",\"wpgmza_listmarkers_by\":\"0\",\"wpgmza_marker_listing_position\":false,\"zoom_level_on_marker_listing_override\":false,\"zoom_level_on_marker_listing_click\":\"\",\"datatable_no_result_message\":\"\",\"remove_search_box_datables\":false,\"dataTable_pagination_style\":null,\"datatable_search_string\":\"\",\"datatable_result_start\":\"\",\"datatable_result_of\":\"\",\"datatable_result_to\":\"\",\"datatable_result_total\":\"\",\"datatable_result_show\":\"\",\"datatable_result_entries\":\"\",\"wpgmza_savemap\":\"Spara Karta \\u00bb\"}}' data-map-id='1' Data-maps-engine='open-layers' data-shortcode-attributes='{\"id\":\"1\"}' style=\"display:block; overflow:auto; width:100%; height:400px; float:left;\"><\/div>\n\n\n\n<p>Och \u00e4nnu 2015 fanns det svenska konstn\u00e4rer d\u00e4r. Jag hittade en <a href=\"https:\/\/vimeopro.com\/jfbues\/il-a-meme-sculpte-les-nuages\/video\/254227287?fb_comment_id=1412580795531770_3751653744957785\"><strong>film<\/strong><\/a> om Barbara och Evert Lindfors, som b\u00e5da var med i Gunnars reportage och som jag allts\u00e5 m\u00e5ste ha tr\u00e4ffat d\u00e5.<\/p>\n\n\n\n<h2 class=\"wp-block-heading\">John Berger om Sven Blomberg<\/h2>\n\n\n\n<p>S\u00e5 h\u00e4r ber\u00e4ttade John Berger i en konversation med sin son Yves om Sven Blomberg (om ni inte vet vem John Berger \u00e4r f\u00e5r ni googla p\u00e5 honom, det \u00e4r Lisens favoritf\u00f6rfattare):<\/p>\n\n\n\n<blockquote class=\"wp-block-quote is-layout-flow wp-block-quote-is-layout-flow\">\n<p>You ask me about Sven. What was his example and his faith, you ask. In his way of life he was unique and I&#8217;ve never met another painter quite like him. Perhaps he had a little in common with Giacometti whom he admired and whom he had known when he first came to France in the late 1940s. He did not paint to produce paintings. His studio was an upper room in the outhouse of a tiny farm, and was scarcely larger than a garden-shed. He never invited anybody to climb up into it. His \u201cfinished\u201d paintings he took off from their stretchers and stacked in a vegetable \u201cloft\u201d for onions. His chosen way of life served his mystical love of Nature \u2013 although in appearance he didn&#8217;t look like a mystic, but like an onion-seller. His mystical love had something parental about it \u2013 as if Nature was the mother of everything and, at the same time, a child who needed protection. And both roles implied a constant conversation. When he was painting, he was tending the land in another way. He had no ambitions about exhibiting or selling his work. If a friend wanted to buy a painting (he had a good many friends from Paris who came to visit him in Lacoste and they mostly belonged to philosophical milieux around Garaudy and Merleau-Ponty) if a friend wanted to buy a painting, he would put a high price on it but indicate that he was making a sacrifice because the painting would no longer be there. Otherwise he, Romaine and their daughter Karine contrived to live without money. For transport he had a bicycle. Later I got him a second-hand 2CV. For him the act of painting was the act of kissing nature. But, as happens in kissing, perhaps Nature was kissing him \u2013 her tongue thrusting towards his throat. He loved birds; they were like postmen.\u00a0<\/p>\n\n\n\n<p>The real postman refused to drive down the 1km lane to his house (like yours to Vers le Mont) and he arranged a wooden box where the lane joined the tarred road. His one luxury was his library. He was very well-read and the library was the largest room. Poetry and Philosophy. Both he and Romaine would read whilst eating a meal, more often than not prepared by Sven.\u00a0<\/p>\n\n\n\n<p>Perhaps this tells you something about his example?<\/p>\n<cite>https:\/\/www.versobooks.com\/blogs\/2229-postcard-chat-between-john-berger-and-yves-berger-part-ii<\/cite><\/blockquote>\n\n\n\n<h2 class=\"wp-block-heading\"><strong>John Berger om sin v\u00e4n Sven Blomberg<\/strong><\/h2>\n\n\n\n<p>N\u00e4r Sven Blomberg dog skrev John Berger en nekrolog som publicerades i Aftonbladet, \u00f6versatt av Anders Paulrud (som v\u00e4xte upp i Karlskrona och skrivit flera fina b\u00f6cker om livet d\u00e4r):<\/p>\n\n\n\n<p><strong>Hela hans liv var en k\u00e4rleksaff\u00e4r med detta ljus&#8230;<\/strong><\/p>\n\n\n\n<p>Publicerad 2003-06-24<\/p>\n\n\n\n<p>I g\u00e5r kv\u00e4ll\u00a0ringde\u00a0Karin\u00a0mig f\u00f6r att tala om att hennes far,\u00a0Sven Blomberg, hade d\u00f6tt.<\/p>\n\n\n\n<p>Sven hade &#8211; s\u00e4rskilt n\u00e4r man talade med honom i telefon &#8211; den mest lugnande samtalston av alla jag k\u00e4nner till. Detta lugn kom fr\u00e5n en f\u00f6rst\u00e5else, han var en man som inte utesl\u00f6t n\u00e5got, utom opportunism och l\u00f6gner. Bortom Karins r\u00f6st, h\u00f6r jag Sven lugna oss b\u00e5da.<\/p>\n\n\n\n<p>Natten innan dr\u00f6mde jag om honom, och han talade om f\u00f6r mig att titta i en konstbok efter en egyptisk h\u00e4st. Detta var f\u00f6r att hj\u00e4lpa mig skriva dessa f\u00e5 ord. Den enda bok jag fann i morse var om en v\u00e4ggm\u00e5lning, Userhet i v\u00e4stra Thebe. Sedan f\u00f6rstod jag att allt var ett sk\u00e4mt. Det var inte en egyptisk h\u00e4st utan en Citroen-h\u00e4st som jag skulle titta efter. Eller mer precist, en Citroen 2 cv.<\/p>\n\n\n\n<p>Han \u00e4lskade att relatera detta till en bil, som var &#8221;fabricerad som en barnvagn med ett paraply&#8221;. I en s\u00e5dan bil, under \u00e5rtionden, reste han runt i Europa (ibland bara 2 kilometer om dagen, andra dagar 600 kilometer) f\u00f6r att m\u00e5la. Han hade en attityd till naturen som gick ut p\u00e5 att det endast var en m\u00e5lare som kunde \u00e5terskapa naturen.<\/p>\n\n\n\n<p>Att m\u00e5la, f\u00f6r\u00a0Sven, var att flytta sig n\u00e4rmare, vare sig det g\u00e4llde Atlanten utefter Bretagnes kust, eller, under de senaste tio \u00e5ren n\u00e4r han led av Parkinsons sjukdom, ett fat med frukt placerat i ett h\u00f6rn av k\u00f6ksbordet. (Dessa sena, mycket sm\u00e5 stilleben, m\u00e5lade med oljestickor, \u00e4r underbara, och en dag &#8211; n\u00e4r museim\u00e4nniskorna hoppar ut ur sina konsthistoriska garderober kommer de inse det vision\u00e4ra.)<\/p>\n\n\n\n<p>Detta att Sven dog p\u00e5 den l\u00e4ngsta dagen p\u00e5 \u00e5ret, d\u00e5 solen \u00e4r i sitt zenit, verkar som ett val. Hela livet var en l\u00e5ng k\u00e4rleksaff\u00e4r med detta ljus, eller med det som var synbart p\u00e5 grund av ljuset. Och kanske, efter \u00e5ttiotre somrar, f\u00f6redrog han att inte v\u00e4nta p\u00e5 att ljuset skulle slockna utan att f\u00f6lja med det.<\/p>\n\n\n\n<p>John Berger, \u00d6vers\u00e4ttning: Anders Paulrud<\/p>\n\n\n\n<p><\/p>\n","protected":false},"excerpt":{"rendered":"<p>Vi \u00e4rvde en tavla efter Bosses f\u00f6r\u00e4ldrar som h\u00e4nger p\u00e5 v\u00e4ggen i v\u00e5r l\u00e4genhet i Karlskrona. Den k\u00f6ptes p\u00e5 en resa till Provence 1960. Bosses pappa Gunnar var Pariskorrespondent f\u00f6r Dagens Nyheter p\u00e5 den tiden och hela familjen &#8211; Gunnar, Siv, Bosse och Staffan &#8211; fick f\u00f6lja med p\u00e5 reportageresan till Lacoste i Provence. D\u00e4r&#8230;<\/p>\n","protected":false},"author":1,"featured_media":0,"parent":0,"menu_order":0,"comment_status":"closed","ping_status":"closed","template":"","meta":{"footnotes":""},"class_list":["post-134","page","type-page","status-publish","hentry"],"_links":{"self":[{"href":"https:\/\/skomakarlyckan.se\/index.php\/wp-json\/wp\/v2\/pages\/134","targetHints":{"allow":["GET"]}}],"collection":[{"href":"https:\/\/skomakarlyckan.se\/index.php\/wp-json\/wp\/v2\/pages"}],"about":[{"href":"https:\/\/skomakarlyckan.se\/index.php\/wp-json\/wp\/v2\/types\/page"}],"author":[{"embeddable":true,"href":"https:\/\/skomakarlyckan.se\/index.php\/wp-json\/wp\/v2\/users\/1"}],"replies":[{"embeddable":true,"href":"https:\/\/skomakarlyckan.se\/index.php\/wp-json\/wp\/v2\/comments?post=134"}],"version-history":[{"count":14,"href":"https:\/\/skomakarlyckan.se\/index.php\/wp-json\/wp\/v2\/pages\/134\/revisions"}],"predecessor-version":[{"id":672,"href":"https:\/\/skomakarlyckan.se\/index.php\/wp-json\/wp\/v2\/pages\/134\/revisions\/672"}],"wp:attachment":[{"href":"https:\/\/skomakarlyckan.se\/index.php\/wp-json\/wp\/v2\/media?parent=134"}],"curies":[{"name":"wp","href":"https:\/\/api.w.org\/{rel}","templated":true}]}}