{"id":676,"date":"2024-10-03T00:03:57","date_gmt":"2024-10-02T22:03:57","guid":{"rendered":"https:\/\/skomakarlyckan.se\/?page_id=676"},"modified":"2024-10-03T00:38:30","modified_gmt":"2024-10-02T22:38:30","slug":"montpellier","status":"publish","type":"page","link":"https:\/\/skomakarlyckan.se\/index.php\/montpellier\/","title":{"rendered":"Montpellier"},"content":{"rendered":"\n<p>I \u00e5r g\u00e5r resan till s\u00f6dra Frankrike till Montpellier.<\/p>\n\n\n\n<p>N\u00e4r vi ska resa till en ny stad vill vi kolla lite innan. Sen kan det ju visa sig att det inte st\u00e4mmer n\u00e4r vi v\u00e4l \u00e4r d\u00e4r, men det f\u00e5r vi ta d\u00e5.<\/p>\n\n\n\n<p>Man kan ju alltid kolla p\u00e5 <a href=\"https:\/\/sv.wikipedia.org\/wiki\/Montpellier\">Wikipedia<\/a>.<\/p>\n\n\n\n<p>Eller p\u00e5 en film p\u00e5 Youtube: <\/p>\n\n\n\n<figure class=\"wp-block-embed is-type-video is-provider-youtube wp-block-embed-youtube wp-embed-aspect-16-9 wp-has-aspect-ratio\"><div class=\"wp-block-embed__wrapper\">\n<iframe loading=\"lazy\" title=\"Montpellier, France - An Insider Tour of the Paris of the South of France\" width=\"640\" height=\"360\" src=\"https:\/\/www.youtube.com\/embed\/F78iXnyjQtA?feature=oembed\" frameborder=\"0\" allow=\"accelerometer; autoplay; clipboard-write; encrypted-media; gyroscope; picture-in-picture; web-share\" referrerpolicy=\"strict-origin-when-cross-origin\" allowfullscreen><\/iframe>\n<\/div><\/figure>\n","protected":false},"excerpt":{"rendered":"<p>I \u00e5r g\u00e5r resan till s\u00f6dra Frankrike till Montpellier. N\u00e4r vi ska resa till en ny stad vill vi kolla lite innan. Sen kan det ju visa sig att det inte st\u00e4mmer n\u00e4r vi v\u00e4l \u00e4r d\u00e4r, men det f\u00e5r vi ta d\u00e5. Man kan ju alltid kolla p\u00e5 Wikipedia. Eller p\u00e5 en film p\u00e5&#8230;<\/p>\n","protected":false},"author":1,"featured_media":0,"parent":0,"menu_order":0,"comment_status":"closed","ping_status":"closed","template":"","meta":{"footnotes":""},"class_list":["post-676","page","type-page","status-publish","hentry"],"_links":{"self":[{"href":"https:\/\/skomakarlyckan.se\/index.php\/wp-json\/wp\/v2\/pages\/676","targetHints":{"allow":["GET"]}}],"collection":[{"href":"https:\/\/skomakarlyckan.se\/index.php\/wp-json\/wp\/v2\/pages"}],"about":[{"href":"https:\/\/skomakarlyckan.se\/index.php\/wp-json\/wp\/v2\/types\/page"}],"author":[{"embeddable":true,"href":"https:\/\/skomakarlyckan.se\/index.php\/wp-json\/wp\/v2\/users\/1"}],"replies":[{"embeddable":true,"href":"https:\/\/skomakarlyckan.se\/index.php\/wp-json\/wp\/v2\/comments?post=676"}],"version-history":[{"count":8,"href":"https:\/\/skomakarlyckan.se\/index.php\/wp-json\/wp\/v2\/pages\/676\/revisions"}],"predecessor-version":[{"id":692,"href":"https:\/\/skomakarlyckan.se\/index.php\/wp-json\/wp\/v2\/pages\/676\/revisions\/692"}],"wp:attachment":[{"href":"https:\/\/skomakarlyckan.se\/index.php\/wp-json\/wp\/v2\/media?parent=676"}],"curies":[{"name":"wp","href":"https:\/\/api.w.org\/{rel}","templated":true}]}}