{"id":686,"date":"2024-10-03T00:18:19","date_gmt":"2024-10-02T22:18:19","guid":{"rendered":"https:\/\/skomakarlyckan.se\/?page_id=686"},"modified":"2024-10-03T01:10:12","modified_gmt":"2024-10-02T23:10:12","slug":"karta-over-montpellier-med-omgivningar","status":"publish","type":"page","link":"https:\/\/skomakarlyckan.se\/index.php\/karta-over-montpellier-med-omgivningar\/","title":{"rendered":"Kartor \u00f6ver Montpellier med omgivningar"},"content":{"rendered":"\n<p>H\u00e4r ser vi Montpellier i f\u00f6rh\u00e5llande till Marseille och Cannes i \u00f6ster och gr\u00e4nsen till Spanien i sydv\u00e4st:<\/p>\n\n\n\n<figure class=\"wp-block-image size-full\"><img loading=\"lazy\" decoding=\"async\" width=\"1428\" height=\"727\" src=\"https:\/\/skomakarlyckan.se\/wp-content\/uploads\/2024\/10\/image-1.png\" alt=\"\" class=\"wp-image-696\" srcset=\"https:\/\/skomakarlyckan.se\/wp-content\/uploads\/2024\/10\/image-1.png 1428w, https:\/\/skomakarlyckan.se\/wp-content\/uploads\/2024\/10\/image-1-300x153.png 300w, https:\/\/skomakarlyckan.se\/wp-content\/uploads\/2024\/10\/image-1-768x391.png 768w, https:\/\/skomakarlyckan.se\/wp-content\/uploads\/2024\/10\/image-1-850x433.png 850w\" sizes=\"auto, (max-width: 1428px) 100vw, 1428px\" \/><\/figure>\n\n\n\n<p>K\u00e4nnetecknande f\u00f6r kusten vid Montpellier \u00e4r etangerna d\u00e4r det fiskas och odlas skaldjur, det ska bli sp\u00e4nnande att se dem i verkligheten.<\/p>\n\n\n\n<figure class=\"wp-block-image size-full\"><img loading=\"lazy\" decoding=\"async\" width=\"1434\" height=\"811\" src=\"https:\/\/skomakarlyckan.se\/wp-content\/uploads\/2024\/10\/image.png\" alt=\"\" class=\"wp-image-694\" srcset=\"https:\/\/skomakarlyckan.se\/wp-content\/uploads\/2024\/10\/image.png 1434w, https:\/\/skomakarlyckan.se\/wp-content\/uploads\/2024\/10\/image-300x170.png 300w, https:\/\/skomakarlyckan.se\/wp-content\/uploads\/2024\/10\/image-768x434.png 768w, https:\/\/skomakarlyckan.se\/wp-content\/uploads\/2024\/10\/image-850x481.png 850w\" sizes=\"auto, (max-width: 1434px) 100vw, 1434px\" \/><\/figure>\n\n\n\n<p>Sen kan man alltid g\u00e5 in i detaljer p\u00e5 en karta, t ex p\u00e5 de kvarter d\u00e4r vi ska bo (kolla in hj\u00e4rtat p\u00e5 <em>2 Rue de l&#8217;Ancien Courrier<\/em>, d\u00e4r vi har v\u00e5r l\u00e4genhet mitt i den gamla staden)<\/p>\n\n\n\n<figure class=\"wp-block-image size-full\"><img loading=\"lazy\" decoding=\"async\" width=\"985\" height=\"781\" src=\"https:\/\/skomakarlyckan.se\/wp-content\/uploads\/2024\/10\/image-2.png\" alt=\"\" class=\"wp-image-700\" srcset=\"https:\/\/skomakarlyckan.se\/wp-content\/uploads\/2024\/10\/image-2.png 985w, https:\/\/skomakarlyckan.se\/wp-content\/uploads\/2024\/10\/image-2-300x238.png 300w, https:\/\/skomakarlyckan.se\/wp-content\/uploads\/2024\/10\/image-2-768x609.png 768w, https:\/\/skomakarlyckan.se\/wp-content\/uploads\/2024\/10\/image-2-850x674.png 850w\" sizes=\"auto, (max-width: 985px) 100vw, 985px\" \/><\/figure>\n","protected":false},"excerpt":{"rendered":"<p>H\u00e4r ser vi Montpellier i f\u00f6rh\u00e5llande till Marseille och Cannes i \u00f6ster och gr\u00e4nsen till Spanien i sydv\u00e4st: K\u00e4nnetecknande f\u00f6r kusten vid Montpellier \u00e4r etangerna d\u00e4r det fiskas och odlas skaldjur, det ska bli sp\u00e4nnande att se dem i verkligheten. Sen kan man alltid g\u00e5 in i detaljer p\u00e5 en karta, t ex p\u00e5 de&#8230;<\/p>\n","protected":false},"author":1,"featured_media":0,"parent":0,"menu_order":0,"comment_status":"closed","ping_status":"closed","template":"","meta":{"footnotes":""},"class_list":["post-686","page","type-page","status-publish","hentry"],"_links":{"self":[{"href":"https:\/\/skomakarlyckan.se\/index.php\/wp-json\/wp\/v2\/pages\/686","targetHints":{"allow":["GET"]}}],"collection":[{"href":"https:\/\/skomakarlyckan.se\/index.php\/wp-json\/wp\/v2\/pages"}],"about":[{"href":"https:\/\/skomakarlyckan.se\/index.php\/wp-json\/wp\/v2\/types\/page"}],"author":[{"embeddable":true,"href":"https:\/\/skomakarlyckan.se\/index.php\/wp-json\/wp\/v2\/users\/1"}],"replies":[{"embeddable":true,"href":"https:\/\/skomakarlyckan.se\/index.php\/wp-json\/wp\/v2\/comments?post=686"}],"version-history":[{"count":6,"href":"https:\/\/skomakarlyckan.se\/index.php\/wp-json\/wp\/v2\/pages\/686\/revisions"}],"predecessor-version":[{"id":702,"href":"https:\/\/skomakarlyckan.se\/index.php\/wp-json\/wp\/v2\/pages\/686\/revisions\/702"}],"wp:attachment":[{"href":"https:\/\/skomakarlyckan.se\/index.php\/wp-json\/wp\/v2\/media?parent=686"}],"curies":[{"name":"wp","href":"https:\/\/api.w.org\/{rel}","templated":true}]}}